{"id":1055,"date":"2019-01-18T10:56:08","date_gmt":"2019-01-18T10:56:08","guid":{"rendered":"http:\/\/demo.qkthemes.net\/triptip\/?page_id=149"},"modified":"2025-04-27T12:33:04","modified_gmt":"2025-04-27T12:33:04","slug":"home","status":"publish","type":"page","link":"https:\/\/despertai.org\/radio\/","title":{"rendered":"Home"},"content":{"rendered":"\t\t<div data-elementor-type=\"wp-post\" data-elementor-id=\"1055\" class=\"elementor elementor-1055\" data-elementor-settings=\"[]\">\n\t\t\t<div class=\"elementor-inner\">\n\t\t\t\t<div class=\"elementor-section-wrap\">\n\t\t\t\t\t\t\t<section class=\"elementor-element elementor-element-1e8d0f4 discover elementor-section-stretched elementor-section-full_width elementor-section-height-default elementor-section-height-default elementor-section elementor-top-section\" data-id=\"1e8d0f4\" data-element_type=\"section\" data-settings=\"{&quot;background_background&quot;:&quot;classic&quot;,&quot;stretch_section&quot;:&quot;section-stretched&quot;}\">\n\t\t\t\t\t\t\t<div class=\"elementor-background-overlay\"><\/div>\n\t\t\t\t\t\t\t<div class=\"elementor-container elementor-column-gap-default\">\n\t\t\t\t<div class=\"elementor-row\">\n\t\t\t\t<div class=\"elementor-element elementor-element-899d8a3 elementor-column elementor-col-100 elementor-top-column\" data-id=\"899d8a3\" data-element_type=\"column\">\n\t\t\t<div class=\"elementor-column-wrap  elementor-element-populated\">\n\t\t\t\t\t<div class=\"elementor-widget-wrap\">\n\t\t\t\t<div class=\"elementor-element elementor-element-37fef97 elementor-widget elementor-widget-html\" data-id=\"37fef97\" data-element_type=\"widget\" data-widget_type=\"html.default\">\n\t\t\t\t<div class=\"elementor-widget-container\">\n\t\t\t<p class=\"discover__description\">\nSeja bem-vindo \n<\/p>\t\t<\/div>\n\t\t\t\t<\/div>\n\t\t\t\t<div class=\"elementor-element elementor-element-c5940cc elementor-hidden-desktop elementor-hidden-tablet elementor-hidden-phone elementor-widget elementor-widget-html\" data-id=\"c5940cc\" data-element_type=\"widget\" data-widget_type=\"html.default\">\n\t\t\t\t<div class=\"elementor-widget-container\">\n\t\t\t<h1 class=\"discover__title places-tab\">\nR\u00e1dio Despertai\n<\/h1>\n\t\t<\/div>\n\t\t\t\t<\/div>\n\t\t\t\t<div class=\"elementor-element elementor-element-63eb743 elementor-widget elementor-widget-shortcode\" data-id=\"63eb743\" data-element_type=\"widget\" data-widget_type=\"shortcode.default\">\n\t\t\t\t<div class=\"elementor-widget-container\">\n\t\t\t\t\t<div class=\"elementor-shortcode\">\r\n\t<div class='wp-lunaradio' id='lunaradio' style='width:100%; height:300px; \r\n  -webkit-border-top-left-radius: 0px;\r\n  -webkit-border-top-right-radius: 0px;\r\n  -webkit-border-bottom-right-radius: 0px;\r\n  -webkit-border-bottom-left-radius: 0px;\r\n  -moz-border-radius-topleft: 0px;\r\n  -moz-border-radius-topright: 0px;\r\n  -moz-border-radius-bottomright: 0px;\r\n  -moz-border-radius-bottomleft: 0px;\r\n  border-top-left-radius: 0px;\r\n  border-top-right-radius: 0px;\r\n  border-bottom-right-radius: 0px;\r\n  border-bottom-left-radius: 0px;\r\n  border: none;' \r\n  data-token='VldlYldkZlNbIGFkWQ==' \r\n  data-userinterface='big'   \r\n  data-backgroundcolor='rgba(14,16,21,0)' \r\n  data-fontcolor='#ffffff' \r\n  data-hightlightcolor='#ffffff' \r\n  data-fontname='' \r\n  data-googlefont='' \r\n  data-fontratio='0.4' \r\n  data-radioname='R\u00e1dio Despertai' \r\n  data-scroll='true' \r\n  data-coverimage='https:\/\/despertai.org\/radio\/wp-content\/uploads\/2020\/10\/chofar_ads.png' \r\n  data-onlycoverimage='false' \r\n  data-coverstyle='circle' \r\n  data-usevisualizer='real' \r\n  data-visualizertype='5' \r\n  data-itunestoken='1000lIPN' \r\n  data-metadatatechnic='fallback' \r\n  data-ownmetadataurl='' \r\n  data-corsproxy='' \r\n  data-usestreamcorsproxy='false' \r\n  data-streamurl='https:\/\/servidor29.brlogic.com:7434\/live' \r\n  data-streamtype='shoutcast2' \r\n  data-icecastmountpoint='7434\/live' \r\n  data-radionomyid='' \r\n  data-radionomyapikey='' \r\n  data-radiojarid='' \r\n  data-radiocoid='' \r\n  data-shoutcastpath='' \r\n  data-shoutcastid='1' \r\n  data-streamsuffix='\/live' \r\n  data-metadatainterval='20000' \r\n  data-volume='90' \r\n  data-autoplay='false' \r\n  data-displayliveicon='true' \r\n  data-debug='false' \r\n  data-multicolorvisualizer='false' \r\n  data-color1='#e66c35' \r\n  data-color2='#d04345' \r\n  data-color3='#85a752' \r\n  data-color4='#067dcc' \r\n  data-visualizeropacity='0.9' \r\n  data-displayvisualizericon='true'>\r\n  <div style='height: 0px; width:0px; overflow: hidden;'>  \r\n  <a href='https:\/\/radioplayer.luna-universe.com' title='html Radio Player with real audio visualizer'>HTML5 RADIO PLAYER PLUGIN WITH REAL VISUALIZER<\/a> powered by <a href='https:\/\/www.sodah.de' title='wordpress webdesign Dexheim'>Sodah Webdesign Dexheim<\/a>\r\n  <\/div>\r\n  <\/div>\r\n\t<\/div>\n\t\t\t\t<\/div>\n\t\t\t\t<\/div>\n\t\t\t\t\t\t<\/div>\n\t\t\t<\/div>\n\t\t<\/div>\n\t\t\t\t\t\t<\/div>\n\t\t\t<\/div>\n\t\t<\/section>\n\t\t\t\t<section class=\"elementor-element elementor-element-d102baf top-experience elementor-section-boxed elementor-section-height-default elementor-section-height-default elementor-section elementor-top-section\" data-id=\"d102baf\" data-element_type=\"section\" data-settings=\"{&quot;background_background&quot;:&quot;classic&quot;}\">\n\t\t\t\t\t\t\t<div class=\"elementor-background-overlay\"><\/div>\n\t\t\t\t\t\t\t<div class=\"elementor-container elementor-column-gap-default\">\n\t\t\t\t<div class=\"elementor-row\">\n\t\t\t\t<div class=\"elementor-element elementor-element-5c7dc2b elementor-column elementor-col-100 elementor-top-column\" data-id=\"5c7dc2b\" data-element_type=\"column\">\n\t\t\t<div class=\"elementor-column-wrap  elementor-element-populated\">\n\t\t\t\t\t<div class=\"elementor-widget-wrap\">\n\t\t\t\t<div class=\"elementor-element elementor-element-a3ea127 elementor-widget elementor-widget-spacer\" data-id=\"a3ea127\" data-element_type=\"widget\" data-widget_type=\"spacer.default\">\n\t\t\t\t<div class=\"elementor-widget-container\">\n\t\t\t\t\t<div class=\"elementor-spacer\">\n\t\t\t<div class=\"elementor-spacer-inner\"><\/div>\n\t\t<\/div>\n\t\t\t\t<\/div>\n\t\t\t\t<\/div>\n\t\t\t\t<section class=\"elementor-element elementor-element-38813e9 elementor-section-boxed elementor-section-height-default elementor-section-height-default elementor-section elementor-inner-section\" data-id=\"38813e9\" data-element_type=\"section\">\n\t\t\t\t\t\t<div class=\"elementor-container elementor-column-gap-default\">\n\t\t\t\t<div class=\"elementor-row\">\n\t\t\t\t<div class=\"elementor-element elementor-element-4ef4c82 elementor-column elementor-col-50 elementor-inner-column\" data-id=\"4ef4c82\" data-element_type=\"column\">\n\t\t\t<div class=\"elementor-column-wrap  elementor-element-populated\">\n\t\t\t\t\t<div class=\"elementor-widget-wrap\">\n\t\t\t\t<div class=\"elementor-element elementor-element-7c1d604 elementor-widget elementor-widget-heading\" data-id=\"7c1d604\" data-element_type=\"widget\" data-widget_type=\"heading.default\">\n\t\t\t\t<div class=\"elementor-widget-container\">\n\t\t\t<h2 class=\"elementor-heading-title elementor-size-default\">Gravado na \u00e9poca da pandemia<\/h2>\t\t<\/div>\n\t\t\t\t<\/div>\n\t\t\t\t<div class=\"elementor-element elementor-element-7d6d9b0 elementor-widget elementor-widget-spacer\" data-id=\"7d6d9b0\" data-element_type=\"widget\" data-widget_type=\"spacer.default\">\n\t\t\t\t<div class=\"elementor-widget-container\">\n\t\t\t\t\t<div class=\"elementor-spacer\">\n\t\t\t<div class=\"elementor-spacer-inner\"><\/div>\n\t\t<\/div>\n\t\t\t\t<\/div>\n\t\t\t\t<\/div>\n\t\t\t\t<div class=\"elementor-element elementor-element-66454d9 elementor-widget elementor-widget-heading\" data-id=\"66454d9\" data-element_type=\"widget\" data-widget_type=\"heading.default\">\n\t\t\t\t<div class=\"elementor-widget-container\">\n\t\t\t<h2 class=\"elementor-heading-title elementor-size-default\">Reino de Deus: para quem quer saber o que significa<\/h2>\t\t<\/div>\n\t\t\t\t<\/div>\n\t\t\t\t\t\t<\/div>\n\t\t\t<\/div>\n\t\t<\/div>\n\t\t\t\t<div class=\"elementor-element elementor-element-bf161f9 elementor-column elementor-col-50 elementor-inner-column\" data-id=\"bf161f9\" data-element_type=\"column\">\n\t\t\t<div class=\"elementor-column-wrap  elementor-element-populated\">\n\t\t\t\t\t<div class=\"elementor-widget-wrap\">\n\t\t\t\t<div class=\"elementor-element elementor-element-d549bf9 elementor-aspect-ratio-169 elementor-widget elementor-widget-video\" data-id=\"d549bf9\" data-element_type=\"widget\" data-settings=\"{&quot;aspect_ratio&quot;:&quot;169&quot;}\" data-widget_type=\"video.default\">\n\t\t\t\t<div class=\"elementor-widget-container\">\n\t\t\t\t\t<div class=\"elementor-wrapper elementor-fit-aspect-ratio elementor-open-inline\">\n\t\t\t<iframe class=\"elementor-video-iframe\" allowfullscreen title=\"Player de V\u00eddeo youtube\" src=\"https:\/\/www.youtube.com\/embed\/Mr9agInmZ1s?feature=oembed&amp;start&amp;end&amp;wmode=opaque&amp;loop=0&amp;controls=1&amp;mute=0&amp;rel=0&amp;modestbranding=0\"><\/iframe>\t\t<\/div>\n\t\t\t\t<\/div>\n\t\t\t\t<\/div>\n\t\t\t\t\t\t<\/div>\n\t\t\t<\/div>\n\t\t<\/div>\n\t\t\t\t\t\t<\/div>\n\t\t\t<\/div>\n\t\t<\/section>\n\t\t\t\t\t\t<\/div>\n\t\t\t<\/div>\n\t\t<\/div>\n\t\t\t\t\t\t<\/div>\n\t\t\t<\/div>\n\t\t<\/section>\n\t\t\t\t<section class=\"elementor-element elementor-element-bd7c694 services elementor-section-boxed elementor-section-height-default elementor-section-height-default elementor-section elementor-top-section\" data-id=\"bd7c694\" data-element_type=\"section\" data-settings=\"{&quot;background_background&quot;:&quot;classic&quot;}\">\n\t\t\t\t\t\t<div class=\"elementor-container elementor-column-gap-no\">\n\t\t\t\t<div class=\"elementor-row\">\n\t\t\t\t<div class=\"elementor-element elementor-element-3ef2ea4 elementor-column elementor-col-100 elementor-top-column\" data-id=\"3ef2ea4\" data-element_type=\"column\">\n\t\t\t<div class=\"elementor-column-wrap  elementor-element-populated\">\n\t\t\t\t\t<div class=\"elementor-widget-wrap\">\n\t\t\t\t<div class=\"elementor-element elementor-element-e5ff035 elementor-widget elementor-widget-heading\" data-id=\"e5ff035\" data-element_type=\"widget\" data-widget_type=\"heading.default\">\n\t\t\t\t<div class=\"elementor-widget-container\">\n\t\t\t<h2 class=\"elementor-heading-title elementor-size-default\"><span style=\"color: rgb(255, 255, 255); font-size: 38px;\"><b>A Casa de Davi<\/b><\/span><\/h2>\t\t<\/div>\n\t\t\t\t<\/div>\n\t\t\t\t\t\t<\/div>\n\t\t\t<\/div>\n\t\t<\/div>\n\t\t\t\t\t\t<\/div>\n\t\t\t<\/div>\n\t\t<\/section>\n\t\t\t\t<section class=\"elementor-element elementor-element-9b5daad testimonial elementor-section-stretched elementor-section-boxed elementor-section-height-default elementor-section-height-default elementor-section elementor-top-section\" data-id=\"9b5daad\" data-element_type=\"section\" data-settings=\"{&quot;background_background&quot;:&quot;classic&quot;,&quot;stretch_section&quot;:&quot;section-stretched&quot;}\">\n\t\t\t\t\t\t<div class=\"elementor-container elementor-column-gap-default\">\n\t\t\t\t<div class=\"elementor-row\">\n\t\t\t\t<div class=\"elementor-element elementor-element-d87e731 elementor-column elementor-col-100 elementor-top-column\" data-id=\"d87e731\" data-element_type=\"column\">\n\t\t\t<div class=\"elementor-column-wrap  elementor-element-populated\">\n\t\t\t\t\t<div class=\"elementor-widget-wrap\">\n\t\t\t\t<div class=\"elementor-element elementor-element-a35f4e0 elementor-widget elementor-widget-google_maps\" data-id=\"a35f4e0\" data-element_type=\"widget\" data-widget_type=\"google_maps.default\">\n\t\t\t\t<div class=\"elementor-widget-container\">\n\t\t\t<div class=\"elementor-custom-embed\"><iframe frameborder=\"0\" scrolling=\"no\" marginheight=\"0\" marginwidth=\"0\" src=\"https:\/\/maps.google.com\/maps?q=Casa%20de%20Davi%20da%20Vila%20Elmaz&amp;t=m&amp;z=16&amp;output=embed&amp;iwloc=near\" aria-label=\"Casa de Davi da Vila Elmaz\"><\/iframe><\/div>\t\t<\/div>\n\t\t\t\t<\/div>\n\t\t\t\t\t\t<\/div>\n\t\t\t<\/div>\n\t\t<\/div>\n\t\t\t\t\t\t<\/div>\n\t\t\t<\/div>\n\t\t<\/section>\n\t\t\t\t<section class=\"elementor-element elementor-element-b965075 elementor-section-boxed elementor-section-height-default elementor-section-height-default elementor-section elementor-top-section\" data-id=\"b965075\" data-element_type=\"section\">\n\t\t\t\t\t\t<div class=\"elementor-container elementor-column-gap-default\">\n\t\t\t\t<div class=\"elementor-row\">\n\t\t\t\t<div class=\"elementor-element elementor-element-e5ac26b elementor-column elementor-col-100 elementor-top-column\" data-id=\"e5ac26b\" data-element_type=\"column\">\n\t\t\t<div class=\"elementor-column-wrap  elementor-element-populated\">\n\t\t\t\t\t<div class=\"elementor-widget-wrap\">\n\t\t\t\t<div class=\"elementor-element elementor-element-04cae9e elementor-absolute elementor-widget elementor-widget-menu-anchor\" data-id=\"04cae9e\" data-element_type=\"widget\" data-settings=\"{&quot;_position&quot;:&quot;absolute&quot;}\" data-widget_type=\"menu-anchor.default\">\n\t\t\t\t<div class=\"elementor-widget-container\">\n\t\t\t\t\t<div id=\"contato\" class=\"elementor-menu-anchor\"><\/div>\n\t\t\t\t<\/div>\n\t\t\t\t<\/div>\n\t\t\t\t<div class=\"elementor-element elementor-element-83fdd8e elementor-widget elementor-widget-spacer\" data-id=\"83fdd8e\" data-element_type=\"widget\" data-widget_type=\"spacer.default\">\n\t\t\t\t<div class=\"elementor-widget-container\">\n\t\t\t\t\t<div class=\"elementor-spacer\">\n\t\t\t<div class=\"elementor-spacer-inner\"><\/div>\n\t\t<\/div>\n\t\t\t\t<\/div>\n\t\t\t\t<\/div>\n\t\t\t\t<div class=\"elementor-element elementor-element-b9d2a3c elementor-widget elementor-widget-heading\" data-id=\"b9d2a3c\" data-element_type=\"widget\" data-widget_type=\"heading.default\">\n\t\t\t\t<div class=\"elementor-widget-container\">\n\t\t\t<h2 class=\"elementor-heading-title elementor-size-default\">Contatos<\/h2>\t\t<\/div>\n\t\t\t\t<\/div>\n\t\t\t\t\t\t<\/div>\n\t\t\t<\/div>\n\t\t<\/div>\n\t\t\t\t\t\t<\/div>\n\t\t\t<\/div>\n\t\t<\/section>\n\t\t\t\t<section class=\"elementor-element elementor-element-b11c289 elementor-section-stretched elementor-section-boxed elementor-section-height-default elementor-section-height-default elementor-section elementor-top-section\" data-id=\"b11c289\" data-element_type=\"section\" data-settings=\"{&quot;stretch_section&quot;:&quot;section-stretched&quot;,&quot;background_background&quot;:&quot;classic&quot;}\">\n\t\t\t\t\t\t\t<div class=\"elementor-background-overlay\"><\/div>\n\t\t\t\t\t\t\t<div class=\"elementor-container elementor-column-gap-default\">\n\t\t\t\t<div class=\"elementor-row\">\n\t\t\t\t<div class=\"elementor-element elementor-element-6377fe4 elementor-column elementor-col-100 elementor-top-column\" data-id=\"6377fe4\" data-element_type=\"column\">\n\t\t\t<div class=\"elementor-column-wrap  elementor-element-populated\">\n\t\t\t\t\t<div class=\"elementor-widget-wrap\">\n\t\t\t\t<section class=\"elementor-element elementor-element-65d5688 elementor-section-boxed elementor-section-height-default elementor-section-height-default elementor-section elementor-inner-section\" data-id=\"65d5688\" data-element_type=\"section\">\n\t\t\t\t\t\t<div class=\"elementor-container elementor-column-gap-default\">\n\t\t\t\t<div class=\"elementor-row\">\n\t\t\t\t<div class=\"elementor-element elementor-element-c1d0681 elementor-column elementor-col-50 elementor-inner-column\" data-id=\"c1d0681\" data-element_type=\"column\">\n\t\t\t<div class=\"elementor-column-wrap  elementor-element-populated\">\n\t\t\t\t\t<div class=\"elementor-widget-wrap\">\n\t\t\t\t<div class=\"elementor-element elementor-element-32b6f6e elementor-widget elementor-widget-text-editor\" data-id=\"32b6f6e\" data-element_type=\"widget\" data-widget_type=\"text-editor.default\">\n\t\t\t\t<div class=\"elementor-widget-container\">\n\t\t\t\t\t<div class=\"elementor-text-editor elementor-clearfix\"><h2><span style=\"color: #ffffff;\"><i>Fale conosco:<\/i><\/span><\/h2><\/div>\n\t\t\t\t<\/div>\n\t\t\t\t<\/div>\n\t\t\t\t<div class=\"elementor-element elementor-element-e982d61 elementor-widget elementor-widget-text-editor\" data-id=\"e982d61\" data-element_type=\"widget\" data-widget_type=\"text-editor.default\">\n\t\t\t\t<div class=\"elementor-widget-container\">\n\t\t\t\t\t<div class=\"elementor-text-editor elementor-clearfix\"><p><span style=\"color: #ffffff;\">Caso tenha queira entrar em contato, escreva.<\/span><\/p><\/div>\n\t\t\t\t<\/div>\n\t\t\t\t<\/div>\n\t\t\t\t<div class=\"elementor-element elementor-element-1da7ef7 eael-contact-form-7-button-custom elementor-widget elementor-widget-eael-contact-form-7\" data-id=\"1da7ef7\" data-element_type=\"widget\" data-widget_type=\"eael-contact-form-7.default\">\n\t\t\t\t<div class=\"elementor-widget-container\">\n\t\t\t<div class=\"eael-contact-form-7-wrapper\">\n                <div class=\"eael-contact-form eael-contact-form-7 eael-contact-form-1da7ef7 placeholder-show eael-contact-form-align-default\"><div role=\"form\" class=\"wpcf7\" id=\"wpcf7-f1150-o1\" lang=\"pt-BR\" dir=\"ltr\">\n<div class=\"screen-reader-response\"><\/div>\n<form action=\"\/radio\/wp-json\/wp\/v2\/pages\/1055#wpcf7-f1150-o1\" method=\"post\" class=\"wpcf7-form\" novalidate=\"novalidate\">\n<div style=\"display: none;\">\n<input type=\"hidden\" name=\"_wpcf7\" value=\"1150\" \/>\n<input type=\"hidden\" name=\"_wpcf7_version\" value=\"5.1.7\" \/>\n<input type=\"hidden\" name=\"_wpcf7_locale\" value=\"pt_BR\" \/>\n<input type=\"hidden\" name=\"_wpcf7_unit_tag\" value=\"wpcf7-f1150-o1\" \/>\n<input type=\"hidden\" name=\"_wpcf7_container_post\" value=\"0\" \/>\n<input type=\"hidden\" name=\"g-recaptcha-response\" value=\"\" \/>\n<\/div>\n<p><label> Nome<br \/>\n    <span class=\"wpcf7-form-control-wrap your-name\"><input type=\"text\" name=\"your-name\" value=\"\" size=\"40\" class=\"wpcf7-form-control wpcf7-text wpcf7-validates-as-required\" aria-required=\"true\" aria-invalid=\"false\" \/><\/span> <\/label><\/p>\n<p><label> E-mail<br \/>\n    <span class=\"wpcf7-form-control-wrap your-email\"><input type=\"email\" name=\"your-email\" value=\"\" size=\"40\" class=\"wpcf7-form-control wpcf7-text wpcf7-email wpcf7-validates-as-required wpcf7-validates-as-email\" aria-required=\"true\" aria-invalid=\"false\" \/><\/span> <\/label><\/p>\n<p><label> Mensagem<br \/>\n    <span class=\"wpcf7-form-control-wrap your-message\"><textarea name=\"your-message\" cols=\"40\" rows=\"10\" class=\"wpcf7-form-control wpcf7-textarea wpcf7-validates-as-required\" aria-required=\"true\" aria-invalid=\"false\"><\/textarea><\/span> <\/label><\/p>\n\n<p><span class=\"wpcf7-form-control-wrap quiz-726\"><label><span class=\"wpcf7-quiz-label\">Verifica\u00e7\u00e3o: Qual a cor do c\u00e9u?<\/span> <input type=\"text\" name=\"quiz-726\" size=\"40\" class=\"wpcf7-form-control wpcf7-quiz\" autocomplete=\"off\" aria-required=\"true\" aria-invalid=\"false\" \/><\/label><input type=\"hidden\" name=\"_wpcf7_quiz_answer_quiz-726\" value=\"366592bf8db54d0e9f9265f93cc2f568\" \/><\/span><\/p>\n<p><input type=\"submit\" value=\"Enviar\" class=\"wpcf7-form-control wpcf7-submit\" \/><\/p>\n<div class=\"wpcf7-response-output wpcf7-display-none\"><\/div><\/form><\/div><\/div>\n            <\/div>\t\t<\/div>\n\t\t\t\t<\/div>\n\t\t\t\t\t\t<\/div>\n\t\t\t<\/div>\n\t\t<\/div>\n\t\t\t\t<div class=\"elementor-element elementor-element-65bfe38 elementor-column elementor-col-50 elementor-inner-column\" data-id=\"65bfe38\" data-element_type=\"column\">\n\t\t\t<div class=\"elementor-column-wrap  elementor-element-populated\">\n\t\t\t\t\t<div class=\"elementor-widget-wrap\">\n\t\t\t\t<div class=\"elementor-element elementor-element-713bf41 elementor-widget elementor-widget-text-editor\" data-id=\"713bf41\" data-element_type=\"widget\" data-widget_type=\"text-editor.default\">\n\t\t\t\t<div class=\"elementor-widget-container\">\n\t\t\t\t\t<div class=\"elementor-text-editor elementor-clearfix\"><h2><span style=\"color: #ffffff;\"><i>Endere\u00e7o f\u00edsico:<\/i><\/span><\/h2>\n<p><span style=\"color: #ffffff;\">Rua Subhi Jamal, 1185 \u2014 Vila Elmaz<br>S\u00e3o Jos\u00e9&nbsp;<\/span><span style=\"color: #ffffff;\">do Rio Preto\u2013SP | CEP. 15 051 \u2014 420<\/span><\/p>\n<h3><span style=\"color: #ffffff;\">Telefone:&nbsp;(17) 3225\u20138229.<\/span><\/h3>\n<p><span style=\"color: #ffffff;\">Reuni\u00f5es p\u00fablicas: domingos, 20 horas.<\/span><br><span style=\"color: #ffffff;\">Hor\u00e1rio de Bras\u00edlia.<\/span><\/p>\n<p><span style=\"color: #ffffff;\">Transmitimos ao vivo, no canal \u201cdespertaivideos\u201d<\/span><\/p><\/div>\n\t\t\t\t<\/div>\n\t\t\t\t<\/div>\n\t\t\t\t\t\t<\/div>\n\t\t\t<\/div>\n\t\t<\/div>\n\t\t\t\t\t\t<\/div>\n\t\t\t<\/div>\n\t\t<\/section>\n\t\t\t\t<div class=\"elementor-element elementor-element-8d3eee4 elementor-widget elementor-widget-spacer\" data-id=\"8d3eee4\" data-element_type=\"widget\" data-widget_type=\"spacer.default\">\n\t\t\t\t<div class=\"elementor-widget-container\">\n\t\t\t\t\t<div class=\"elementor-spacer\">\n\t\t\t<div class=\"elementor-spacer-inner\"><\/div>\n\t\t<\/div>\n\t\t\t\t<\/div>\n\t\t\t\t<\/div>\n\t\t\t\t\t\t<\/div>\n\t\t\t<\/div>\n\t\t<\/div>\n\t\t\t\t\t\t<\/div>\n\t\t\t<\/div>\n\t\t<\/section>\n\t\t\t\t\t\t<\/div>\n\t\t\t<\/div>\n\t\t<\/div>\n\t\t","protected":false},"excerpt":{"rendered":"<p>Seja bem-vindo R\u00e1dio Despertai Gravado na \u00e9poca da pandemia Reino de Deus: para quem quer saber o que significa A Casa de Davi Contatos Fale conosco: Caso tenha queira entrar em contato, escreva. Nome E-mail Mensagem Verifica\u00e7\u00e3o: Qual a cor do c\u00e9u? Endere\u00e7o f\u00edsico: Rua Subhi Jamal, 1185 \u2014 Vila ElmazS\u00e3o Jos\u00e9&nbsp;do Rio Preto\u2013SP | [&#8230;]<\/p>\n","protected":false},"author":1,"featured_media":0,"parent":0,"menu_order":0,"comment_status":"closed","ping_status":"closed","template":"elementor_header_footer","meta":{"footnotes":""},"class_list":["post-1055","page","type-page","status-publish","hentry"],"_links":{"self":[{"href":"https:\/\/despertai.org\/radio\/wp-json\/wp\/v2\/pages\/1055","targetHints":{"allow":["GET"]}}],"collection":[{"href":"https:\/\/despertai.org\/radio\/wp-json\/wp\/v2\/pages"}],"about":[{"href":"https:\/\/despertai.org\/radio\/wp-json\/wp\/v2\/types\/page"}],"author":[{"embeddable":true,"href":"https:\/\/despertai.org\/radio\/wp-json\/wp\/v2\/users\/1"}],"replies":[{"embeddable":true,"href":"https:\/\/despertai.org\/radio\/wp-json\/wp\/v2\/comments?post=1055"}],"version-history":[{"count":158,"href":"https:\/\/despertai.org\/radio\/wp-json\/wp\/v2\/pages\/1055\/revisions"}],"predecessor-version":[{"id":1591,"href":"https:\/\/despertai.org\/radio\/wp-json\/wp\/v2\/pages\/1055\/revisions\/1591"}],"wp:attachment":[{"href":"https:\/\/despertai.org\/radio\/wp-json\/wp\/v2\/media?parent=1055"}],"curies":[{"name":"wp","href":"https:\/\/api.w.org\/{rel}","templated":true}]}}